{"id":563,"date":"2008-02-24T09:00:49","date_gmt":"2008-02-24T16:00:49","guid":{"rendered":"http:\/\/lavigilanta.info\/wordpress\/?page_id=563"},"modified":"2010-03-09T16:52:46","modified_gmt":"2010-03-09T14:52:46","slug":"presentacion","status":"publish","type":"page","link":"https:\/\/lavigilanta.info\/?page_id=563","title":{"rendered":"Presentaci\u00f3n"},"content":{"rendered":"<p>Llevo desde el a\u00f1o 2005 blogueando sobre temas de ciberderechos, privacidad y sociedad de control. Porque lo que hoy llamamos ciberderechos hoy no son m\u00e1s que los derechos fundamentales de ma\u00f1ana. Porque hay que defenderlos todos los d\u00edas, y la mejor manera de hacerlo es concienciando de la imprtancia del tema, y denunciando los riesgos de perder esos derechos.<\/p>\n<p>Pod\u00e9is contactarme en la siguiente direcci\u00f3n de correo: eva(arroba)lavigilanta(punto)info, y si quer\u00e9is enviar correos seguros, <a href=\"http:\/\/www.lavigilanta.info\/wordpress\/clavepublica.asc\">ah\u00ed va mi clave p\u00fablica<\/a>.<\/p>\n","protected":false},"excerpt":{"rendered":"<p>Llevo desde el a\u00f1o 2005 blogueando sobre temas de ciberderechos, privacidad y sociedad de control. Porque lo que hoy llamamos ciberderechos hoy no son m\u00e1s que los derechos fundamentales de ma\u00f1ana. Porque hay que defenderlos todos los d\u00edas, y la mejor manera de hacerlo es concienciando de la imprtancia del tema, y denunciando los riesgos &hellip; <a href=\"https:\/\/lavigilanta.info\/?page_id=563\" class=\"more-link\">Seguir leyendo <span class=\"screen-reader-text\">Presentaci\u00f3n<\/span> <span class=\"meta-nav\">&rarr;<\/span><\/a><\/p>\n","protected":false},"author":2,"featured_media":0,"parent":0,"menu_order":0,"comment_status":"open","ping_status":"open","template":"","meta":[],"_links":{"self":[{"href":"https:\/\/lavigilanta.info\/index.php?rest_route=\/wp\/v2\/pages\/563"}],"collection":[{"href":"https:\/\/lavigilanta.info\/index.php?rest_route=\/wp\/v2\/pages"}],"about":[{"href":"https:\/\/lavigilanta.info\/index.php?rest_route=\/wp\/v2\/types\/page"}],"author":[{"embeddable":true,"href":"https:\/\/lavigilanta.info\/index.php?rest_route=\/wp\/v2\/users\/2"}],"replies":[{"embeddable":true,"href":"https:\/\/lavigilanta.info\/index.php?rest_route=%2Fwp%2Fv2%2Fcomments&post=563"}],"version-history":[{"count":4,"href":"https:\/\/lavigilanta.info\/index.php?rest_route=\/wp\/v2\/pages\/563\/revisions"}],"predecessor-version":[{"id":2319,"href":"https:\/\/lavigilanta.info\/index.php?rest_route=\/wp\/v2\/pages\/563\/revisions\/2319"}],"wp:attachment":[{"href":"https:\/\/lavigilanta.info\/index.php?rest_route=%2Fwp%2Fv2%2Fmedia&parent=563"}],"curies":[{"name":"wp","href":"https:\/\/api.w.org\/{rel}","templated":true}]}}