{"id":1598,"date":"2010-03-09T17:38:58","date_gmt":"2010-03-09T15:38:58","guid":{"rendered":"http:\/\/lavigilanta.info\/wordpress\/?page_id=1598"},"modified":"2020-08-12T02:10:19","modified_gmt":"2020-08-12T00:10:19","slug":"privacidad","status":"publish","type":"page","link":"https:\/\/lavigilanta.info\/?page_id=1598","title":{"rendered":"Pol\u00edtica de privacidad"},"content":{"rendered":"<p>En el blog <a href=\"http:\/\/www.lavigilanta.info\">\u00bfQui\u00e9n vigila al vigilante?<\/a> solo se almacena la informaci\u00f3n personal proporcionada voluntariamente por los lectores cuando env\u00edan comentarios. El sistema de gesti\u00f3n de contenidos, <a href=\"http:\/\/wordpress.org\/\">WordPress<\/a>, captura adem\u00e1s la direcci\u00f3n IP desde la cual se env\u00edan dichos comentarios, pero dicha direcci\u00f3n IP es invisible para el resto de lectores del blog. No se realiza ningun tipo de proceso con esta informaci\u00f3n personal. Incluso las respuestas de la administradora a los comentarios emitidos se realizan siempre mediante otro comentario en el blog.<\/p>\n<p>WordPress utiliza cookies (peque\u00f1os ficheros almacenados en el ordenador del visitante al blog) cuyo \u00fanico prop\u00f3sito es recordar la identidad del usuario que se haya creado una cuenta en el blog. El uso de estas cookies en \u00bfQui\u00e9n vigila al vigilante? se puede evitar de dos maneras:<\/p>\n<ol>\n<li>No creando una cuenta en blog. La creaci\u00f3n de comentarios <strong>no<\/strong> est\u00e1 restringida solamente a usuarios registrados, y por lo tanto no es imprescindible crear dicha cuenta para formar parte del di\u00e1logo que se establece entre los lectores del blog.<\/li>\n<li>Configurando el navegador para que no almacene cookies, o al menos para que no almacene cookies que originen de <a href=\"http:\/\/www.lavigilanta.info\">http:\/\/www.lavigilanta.info<\/a>.<\/li>\n<\/ol>\n<p>Se puede encontrar m\u00e1s informaci\u00f3n t\u00e9cnica sobre dichas cookies en <a href=\"http:\/\/codex.wordpress.org\/WordPress_Cookies\">WordPress Codex.<\/a><\/p>\n<p>El blog est\u00e1 hospedado con <a href=\"https:\/\/www.hostinger.es\/\">Hostinger.es<\/a>, en su centro de datos ubicado en los Pa\u00edses Bajos. Aqu\u00ed est\u00e1n los <a href=\"https:\/\/www.hostinger.es\/privacidad\">t\u00e9rminos legales que determinan el servicio proporcionado por\u00a0Hostinger.es<\/a>.<\/p>\n<p>En <a href=\"http:\/\/www.lavigilanta.info\">\u00bfQui\u00e9n vigila al vigilante?<\/a> usamos la herramienta de software libre <a href=\"https:\/\/matomo.org\/\">Matomo.org<\/a> para registrar las visitas al sitio Web. Esta herramienta est\u00e1 hospedada, igual que el blog, en <a href=\"https:\/\/www.hostinger.es\/\">Hostinger.com<\/a>. Puedes consultar su pol\u00edtica de privacidad m\u00e1s arriba. Si no quieres que tus visitas sean registradas por Matomo.org, puedes indic\u00e1rnoslo ahora. Esta acci\u00f3n crear\u00e1 una cookie en tu ordenador que nos indica que tus visitas no han de ser trazadas. Solo tienes que quitar el \u00abtick\u00bb en la caja de texto que aparece a continuaci\u00f3n:<\/p>\n","protected":false},"excerpt":{"rendered":"<p>En el blog \u00bfQui\u00e9n vigila al vigilante? solo se almacena la informaci\u00f3n personal proporcionada voluntariamente por los lectores cuando env\u00edan comentarios. El sistema de gesti\u00f3n de contenidos, WordPress, captura adem\u00e1s la direcci\u00f3n IP desde la cual se env\u00edan dichos comentarios, pero dicha direcci\u00f3n IP es invisible para el resto de lectores del blog. No se &hellip; <a href=\"https:\/\/lavigilanta.info\/?page_id=1598\" class=\"more-link\">Seguir leyendo <span class=\"screen-reader-text\">Pol\u00edtica de privacidad<\/span> <span class=\"meta-nav\">&rarr;<\/span><\/a><\/p>\n","protected":false},"author":2,"featured_media":0,"parent":0,"menu_order":0,"comment_status":"open","ping_status":"open","template":"","meta":[],"_links":{"self":[{"href":"https:\/\/lavigilanta.info\/index.php?rest_route=\/wp\/v2\/pages\/1598"}],"collection":[{"href":"https:\/\/lavigilanta.info\/index.php?rest_route=\/wp\/v2\/pages"}],"about":[{"href":"https:\/\/lavigilanta.info\/index.php?rest_route=\/wp\/v2\/types\/page"}],"author":[{"embeddable":true,"href":"https:\/\/lavigilanta.info\/index.php?rest_route=\/wp\/v2\/users\/2"}],"replies":[{"embeddable":true,"href":"https:\/\/lavigilanta.info\/index.php?rest_route=%2Fwp%2Fv2%2Fcomments&post=1598"}],"version-history":[{"count":16,"href":"https:\/\/lavigilanta.info\/index.php?rest_route=\/wp\/v2\/pages\/1598\/revisions"}],"predecessor-version":[{"id":2515,"href":"https:\/\/lavigilanta.info\/index.php?rest_route=\/wp\/v2\/pages\/1598\/revisions\/2515"}],"wp:attachment":[{"href":"https:\/\/lavigilanta.info\/index.php?rest_route=%2Fwp%2Fv2%2Fmedia&parent=1598"}],"curies":[{"name":"wp","href":"https:\/\/api.w.org\/{rel}","templated":true}]}}